{"id":563,"date":"2022-05-10T11:03:15","date_gmt":"2022-05-10T16:03:15","guid":{"rendered":"https:\/\/www.igualdadinclusion.com\/main\/?page_id=563"},"modified":"2025-03-06T20:36:34","modified_gmt":"2025-03-07T01:36:34","slug":"justicia","status":"publish","type":"page","link":"https:\/\/www.igualdadinclusion.com\/main\/justicia\/","title":{"rendered":"Equidad"},"content":{"rendered":"<div  data-label=\"Features\" data-id=\"features-square-image-section\" data-category=\"features\" class=\"features-square-image-section\" id=\"features-7\" style=\"background-color: rgb(255, 255, 255); background-image: none;\" data-ovid=\"ovid-features-7-112\"> <div  class=\"dynamic-color gridContainer\"> <div  class=\"features-square-image-textrow\"> <div  class=\"features-square-image-textcol\" data-type=\"column\"> <h2  class=\"\"><span  style=\"color: rgb(201, 139, 16); font-weight: 400;\">Equidad de g\u00e9nero<\/span><\/h2>  <\/div> <\/div> <div  class=\"features-square-image-innerrow\" data-type=\"row\"> <div  class=\"features-square-image-featcol cp6cols-tablet cp12cols\">  <p  class=\"\"><span  style=\"color: rgb(102, 102, 102); font-weight: 300;\">Equidad de g\u00e9nero es un proceso para lograr el fin de las desigualdades entre mujeres y hombres, provocadas por la subordinaci\u00f3n de las mujeres y ni\u00f1as frente a los hombres en todo su ciclo de vida. Se trata de lograr que los garantes de derechos asuman la responsabilidad por el respeto, la protecci\u00f3n y el cumplimiento de los derechos humanos, particularmente de las ni\u00f1as y mujeres.<br ><br >Mejorar la legislaci\u00f3n y las pol\u00edticas es necesario, pero no suficiente. Si queremos poner fin a la pobreza y combatir la desigualdad, debemos transformar tambi\u00e9n las relaciones de g\u00e9nero y poder, as\u00ed como las estructuras, normas y valores sociales que las determinan.\n<br ><br >Se considera que uno de los factores m\u00e1s importantes a la hora de mejorar de forma sostenida los derechos de las mujeres es que estas asuman el control y emprendan acciones colectivas, pues son una poderosa fuerza para poner fin a la pobreza de todas las personas.\n<br ><br >Referencia: <span  style=\"font-style: italic;\">https:\/\/www.oxfam.org\/es\/que-hacemos\/temas\/justicia-de-genero-y-derechos-de-las-mujeres<\/span><\/span><\/p>  <\/div>   <\/div> <\/div><\/div>","protected":false},"excerpt":{"rendered":"<p>Equidad de g\u00e9nero Equidad de g\u00e9nero es un proceso para lograr el fin de las desigualdades entre mujeres y hombres, provocadas por la subordinaci\u00f3n de las mujeres y ni\u00f1as frente a los hombres en todo su ciclo de vida. Se trata de lograr que los garantes de derechos asuman la responsabilidad por el respeto, la&hellip; <br \/> <a class=\"button small blue\" href=\"https:\/\/www.igualdadinclusion.com\/main\/2022\/03\/16\/hola-mundo\/\">Leer m\u00e1s<\/a><\/p>\n","protected":false},"author":1,"featured_media":0,"parent":0,"menu_order":0,"comment_status":"closed","ping_status":"closed","template":"full-width-page.php","meta":{"footnotes":""},"class_list":["post-563","page","type-page","status-publish","hentry"],"_links":{"self":[{"href":"https:\/\/www.igualdadinclusion.com\/main\/wp-json\/wp\/v2\/pages\/563","targetHints":{"allow":["GET"]}}],"collection":[{"href":"https:\/\/www.igualdadinclusion.com\/main\/wp-json\/wp\/v2\/pages"}],"about":[{"href":"https:\/\/www.igualdadinclusion.com\/main\/wp-json\/wp\/v2\/types\/page"}],"author":[{"embeddable":true,"href":"https:\/\/www.igualdadinclusion.com\/main\/wp-json\/wp\/v2\/users\/1"}],"replies":[{"embeddable":true,"href":"https:\/\/www.igualdadinclusion.com\/main\/wp-json\/wp\/v2\/comments?post=563"}],"version-history":[{"count":18,"href":"https:\/\/www.igualdadinclusion.com\/main\/wp-json\/wp\/v2\/pages\/563\/revisions"}],"predecessor-version":[{"id":933,"href":"https:\/\/www.igualdadinclusion.com\/main\/wp-json\/wp\/v2\/pages\/563\/revisions\/933"}],"wp:attachment":[{"href":"https:\/\/www.igualdadinclusion.com\/main\/wp-json\/wp\/v2\/media?parent=563"}],"curies":[{"name":"wp","href":"https:\/\/api.w.org\/{rel}","templated":true}]}}